{"id":1216,"date":"2023-02-04T20:23:46","date_gmt":"2023-02-04T23:23:46","guid":{"rendered":"https:\/\/pedidosporchat.com\/batatusnacks\/?post_type=product&#038;p=1216"},"modified":"2026-01-03T19:19:12","modified_gmt":"2026-01-03T22:19:12","slug":"pastel-paw-patrol","status":"publish","type":"product","link":"https:\/\/pedidosporchat.com\/batatusnacks\/producto\/pastel-paw-patrol\/","title":{"rendered":"Pastel Paw Patrol"},"content":{"rendered":"<p>Tiempo de elaboraci\u00f3n 3 d\u00edas<\/p>\n<p>Decirnos para cuando es, c\u00f3mo se llama y cu\u00e1ntos a\u00f1os cumple tu peludo en el WhatsApp al finalizar la compra<\/p>\n<p>&nbsp;<\/p>\n<p>12 cm de di\u00e1metro x 8 de alto<\/p>\n<p>&nbsp;<\/p>\n","protected":false},"excerpt":{"rendered":"<p>Tiempo de elaboraci\u00f3n 3 d\u00edas Decirnos para cuando es, c\u00f3mo se llama y cu\u00e1ntos a\u00f1os cumple tu peludo en el WhatsApp al finalizar la compra &nbsp; 12 cm de di\u00e1metro x 8 de alto &nbsp;<\/p>\n","protected":false},"featured_media":1214,"template":"","meta":[],"product_brand":[],"product_cat":[76],"product_tag":[],"class_list":{"0":"post-1216","1":"product","2":"type-product","3":"status-publish","4":"has-post-thumbnail","6":"product_cat-pasteles-tematicos","8":"first","9":"onbackorder","10":"taxable","11":"shipping-taxable","12":"purchasable","13":"product-type-simple"},"_links":{"self":[{"href":"https:\/\/pedidosporchat.com\/batatusnacks\/wp-json\/wp\/v2\/product\/1216","targetHints":{"allow":["GET"]}}],"collection":[{"href":"https:\/\/pedidosporchat.com\/batatusnacks\/wp-json\/wp\/v2\/product"}],"about":[{"href":"https:\/\/pedidosporchat.com\/batatusnacks\/wp-json\/wp\/v2\/types\/product"}],"wp:featuredmedia":[{"embeddable":true,"href":"https:\/\/pedidosporchat.com\/batatusnacks\/wp-json\/wp\/v2\/media\/1214"}],"wp:attachment":[{"href":"https:\/\/pedidosporchat.com\/batatusnacks\/wp-json\/wp\/v2\/media?parent=1216"}],"wp:term":[{"taxonomy":"product_brand","embeddable":true,"href":"https:\/\/pedidosporchat.com\/batatusnacks\/wp-json\/wp\/v2\/product_brand?post=1216"},{"taxonomy":"product_cat","embeddable":true,"href":"https:\/\/pedidosporchat.com\/batatusnacks\/wp-json\/wp\/v2\/product_cat?post=1216"},{"taxonomy":"product_tag","embeddable":true,"href":"https:\/\/pedidosporchat.com\/batatusnacks\/wp-json\/wp\/v2\/product_tag?post=1216"}],"curies":[{"name":"wp","href":"https:\/\/api.w.org\/{rel}","templated":true}]}}