{"id":1234,"date":"2023-02-18T00:12:39","date_gmt":"2023-02-18T03:12:39","guid":{"rendered":"https:\/\/pedidosporchat.com\/batatusnacks\/?post_type=product&#038;p=1234"},"modified":"2026-01-03T18:54:57","modified_gmt":"2026-01-03T21:54:57","slug":"pastel-paw-patrol-sky","status":"publish","type":"product","link":"https:\/\/pedidosporchat.com\/batatusnacks\/producto\/pastel-paw-patrol-sky\/","title":{"rendered":"Pastel Paw Patrol Sky"},"content":{"rendered":"<blockquote><p>Tiempo de preparaci\u00f3n 3 d\u00edas h\u00e1biles<\/p><\/blockquote>\n<p>D\u00e9janos en los comentarios, para cu\u00e1ndo es, cu\u00e1ntos a\u00f1os cumple y c\u00f3mo se llama tu peludo!!<\/p>\n","protected":false},"excerpt":{"rendered":"<p>Tiempo de preparaci\u00f3n 3 d\u00edas h\u00e1biles D\u00e9janos en los comentarios, para cu\u00e1ndo es, cu\u00e1ntos a\u00f1os cumple y c\u00f3mo se llama tu peludo!!<\/p>\n","protected":false},"featured_media":1235,"template":"","meta":[],"product_brand":[],"product_cat":[76],"product_tag":[],"class_list":{"0":"post-1234","1":"product","2":"type-product","3":"status-publish","4":"has-post-thumbnail","6":"product_cat-pasteles-tematicos","8":"first","9":"onbackorder","10":"taxable","11":"shipping-taxable","12":"purchasable","13":"product-type-simple"},"_links":{"self":[{"href":"https:\/\/pedidosporchat.com\/batatusnacks\/wp-json\/wp\/v2\/product\/1234","targetHints":{"allow":["GET"]}}],"collection":[{"href":"https:\/\/pedidosporchat.com\/batatusnacks\/wp-json\/wp\/v2\/product"}],"about":[{"href":"https:\/\/pedidosporchat.com\/batatusnacks\/wp-json\/wp\/v2\/types\/product"}],"wp:featuredmedia":[{"embeddable":true,"href":"https:\/\/pedidosporchat.com\/batatusnacks\/wp-json\/wp\/v2\/media\/1235"}],"wp:attachment":[{"href":"https:\/\/pedidosporchat.com\/batatusnacks\/wp-json\/wp\/v2\/media?parent=1234"}],"wp:term":[{"taxonomy":"product_brand","embeddable":true,"href":"https:\/\/pedidosporchat.com\/batatusnacks\/wp-json\/wp\/v2\/product_brand?post=1234"},{"taxonomy":"product_cat","embeddable":true,"href":"https:\/\/pedidosporchat.com\/batatusnacks\/wp-json\/wp\/v2\/product_cat?post=1234"},{"taxonomy":"product_tag","embeddable":true,"href":"https:\/\/pedidosporchat.com\/batatusnacks\/wp-json\/wp\/v2\/product_tag?post=1234"}],"curies":[{"name":"wp","href":"https:\/\/api.w.org\/{rel}","templated":true}]}}