{"id":1404,"date":"2023-05-13T22:49:33","date_gmt":"2023-05-14T01:49:33","guid":{"rendered":"https:\/\/pedidosporchat.com\/batatusnacks\/?post_type=product&#038;p=1404"},"modified":"2026-01-03T13:22:22","modified_gmt":"2026-01-03T16:22:22","slug":"pastel-modelo-teo","status":"publish","type":"product","link":"https:\/\/pedidosporchat.com\/batatusnacks\/producto\/pastel-modelo-teo\/","title":{"rendered":"Pastel modelo TEO"},"content":{"rendered":"<hr \/>\n<p>Pastel de 14 cm de di\u00e1metro con el nombre realizado en galletas de pollo en forma de letras , una huellita y el n\u00famero de cumplea\u00f1os.<\/p>\n<p>Rodeado de snacks en los bordes<\/p>\n<p>Colores disponibles : amarillo, naranja, celeste, verde<\/p>\n","protected":false},"excerpt":{"rendered":"<p>Pastel de 14 cm de di\u00e1metro con el nombre realizado en galletas de pollo en forma de letras , una huellita y el n\u00famero de cumplea\u00f1os. Rodeado de snacks en los bordes Colores disponibles : amarillo, naranja, celeste, verde<\/p>\n","protected":false},"featured_media":1412,"template":"","meta":[],"product_brand":[],"product_cat":[36],"product_tag":[],"class_list":{"0":"post-1404","1":"product","2":"type-product","3":"status-publish","4":"has-post-thumbnail","6":"product_cat-pasteles","8":"first","9":"onbackorder","10":"taxable","11":"shipping-taxable","12":"purchasable","13":"product-type-simple"},"_links":{"self":[{"href":"https:\/\/pedidosporchat.com\/batatusnacks\/wp-json\/wp\/v2\/product\/1404","targetHints":{"allow":["GET"]}}],"collection":[{"href":"https:\/\/pedidosporchat.com\/batatusnacks\/wp-json\/wp\/v2\/product"}],"about":[{"href":"https:\/\/pedidosporchat.com\/batatusnacks\/wp-json\/wp\/v2\/types\/product"}],"wp:featuredmedia":[{"embeddable":true,"href":"https:\/\/pedidosporchat.com\/batatusnacks\/wp-json\/wp\/v2\/media\/1412"}],"wp:attachment":[{"href":"https:\/\/pedidosporchat.com\/batatusnacks\/wp-json\/wp\/v2\/media?parent=1404"}],"wp:term":[{"taxonomy":"product_brand","embeddable":true,"href":"https:\/\/pedidosporchat.com\/batatusnacks\/wp-json\/wp\/v2\/product_brand?post=1404"},{"taxonomy":"product_cat","embeddable":true,"href":"https:\/\/pedidosporchat.com\/batatusnacks\/wp-json\/wp\/v2\/product_cat?post=1404"},{"taxonomy":"product_tag","embeddable":true,"href":"https:\/\/pedidosporchat.com\/batatusnacks\/wp-json\/wp\/v2\/product_tag?post=1404"}],"curies":[{"name":"wp","href":"https:\/\/api.w.org\/{rel}","templated":true}]}}