{"id":1417,"date":"2023-05-13T23:10:19","date_gmt":"2023-05-14T02:10:19","guid":{"rendered":"https:\/\/pedidosporchat.com\/batatusnacks\/?post_type=product&#038;p=1417"},"modified":"2026-01-03T13:21:01","modified_gmt":"2026-01-03T16:21:01","slug":"modelo-pipi","status":"publish","type":"product","link":"https:\/\/pedidosporchat.com\/batatusnacks\/producto\/modelo-pipi\/","title":{"rendered":"Modelo PIPI"},"content":{"rendered":"<p>Pastel de 14 cm de di\u00e1metro, el nombre en una galleta de pollo en forma de hueso , el n\u00famero de cumplea\u00f1os y rodeada de snacks<\/p>\n<p>Colores disponibles<\/p>\n","protected":false},"excerpt":{"rendered":"<p>Pastel de 14 cm de di\u00e1metro, el nombre en una galleta de pollo en forma de hueso , el n\u00famero de cumplea\u00f1os y rodeada de snacks Colores disponibles<\/p>\n","protected":false},"featured_media":1419,"template":"","meta":[],"product_brand":[],"product_cat":[36],"product_tag":[],"class_list":{"0":"post-1417","1":"product","2":"type-product","3":"status-publish","4":"has-post-thumbnail","6":"product_cat-pasteles","8":"first","9":"onbackorder","10":"taxable","11":"shipping-taxable","12":"purchasable","13":"product-type-simple"},"_links":{"self":[{"href":"https:\/\/pedidosporchat.com\/batatusnacks\/wp-json\/wp\/v2\/product\/1417","targetHints":{"allow":["GET"]}}],"collection":[{"href":"https:\/\/pedidosporchat.com\/batatusnacks\/wp-json\/wp\/v2\/product"}],"about":[{"href":"https:\/\/pedidosporchat.com\/batatusnacks\/wp-json\/wp\/v2\/types\/product"}],"wp:featuredmedia":[{"embeddable":true,"href":"https:\/\/pedidosporchat.com\/batatusnacks\/wp-json\/wp\/v2\/media\/1419"}],"wp:attachment":[{"href":"https:\/\/pedidosporchat.com\/batatusnacks\/wp-json\/wp\/v2\/media?parent=1417"}],"wp:term":[{"taxonomy":"product_brand","embeddable":true,"href":"https:\/\/pedidosporchat.com\/batatusnacks\/wp-json\/wp\/v2\/product_brand?post=1417"},{"taxonomy":"product_cat","embeddable":true,"href":"https:\/\/pedidosporchat.com\/batatusnacks\/wp-json\/wp\/v2\/product_cat?post=1417"},{"taxonomy":"product_tag","embeddable":true,"href":"https:\/\/pedidosporchat.com\/batatusnacks\/wp-json\/wp\/v2\/product_tag?post=1417"}],"curies":[{"name":"wp","href":"https:\/\/api.w.org\/{rel}","templated":true}]}}