{"id":1422,"date":"2023-05-13T23:20:59","date_gmt":"2023-05-14T02:20:59","guid":{"rendered":"https:\/\/pedidosporchat.com\/batatusnacks\/?post_type=product&#038;p=1422"},"modified":"2026-01-03T13:19:57","modified_gmt":"2026-01-03T16:19:57","slug":"pastel-para-gatos","status":"publish","type":"product","link":"https:\/\/pedidosporchat.com\/batatusnacks\/producto\/pastel-para-gatos\/","title":{"rendered":"Pastel para gatos"},"content":{"rendered":"<p>Pastel de 10 cm de pollo o at\u00fan con el nombre y el n\u00famero de cumplea\u00f1os<\/p>\n<p style=\"padding-left: 40px;\">Colores a elecci\u00f3n<\/p>\n<hr \/>\n<p>Modelos, coronita, estrella ,coco<\/p>\n<hr \/>\n<p>&nbsp;<\/p>\n<p>&nbsp;<\/p>\n<hr \/>\n<hr \/>\n<p>&nbsp;<\/p>\n<p>&nbsp;<\/p>\n","protected":false},"excerpt":{"rendered":"<p>Pastel de 10 cm de pollo o at\u00fan con el nombre y el n\u00famero de cumplea\u00f1os Colores a elecci\u00f3n Modelos, coronita, estrella ,coco &nbsp; &nbsp; &nbsp; &nbsp;<\/p>\n","protected":false},"featured_media":1423,"template":"","meta":[],"product_brand":[],"product_cat":[77],"product_tag":[],"class_list":{"0":"post-1422","1":"product","2":"type-product","3":"status-publish","4":"has-post-thumbnail","6":"product_cat-pasteles-para-gatos","8":"first","9":"onbackorder","10":"taxable","11":"shipping-taxable","12":"purchasable","13":"product-type-simple"},"_links":{"self":[{"href":"https:\/\/pedidosporchat.com\/batatusnacks\/wp-json\/wp\/v2\/product\/1422","targetHints":{"allow":["GET"]}}],"collection":[{"href":"https:\/\/pedidosporchat.com\/batatusnacks\/wp-json\/wp\/v2\/product"}],"about":[{"href":"https:\/\/pedidosporchat.com\/batatusnacks\/wp-json\/wp\/v2\/types\/product"}],"wp:featuredmedia":[{"embeddable":true,"href":"https:\/\/pedidosporchat.com\/batatusnacks\/wp-json\/wp\/v2\/media\/1423"}],"wp:attachment":[{"href":"https:\/\/pedidosporchat.com\/batatusnacks\/wp-json\/wp\/v2\/media?parent=1422"}],"wp:term":[{"taxonomy":"product_brand","embeddable":true,"href":"https:\/\/pedidosporchat.com\/batatusnacks\/wp-json\/wp\/v2\/product_brand?post=1422"},{"taxonomy":"product_cat","embeddable":true,"href":"https:\/\/pedidosporchat.com\/batatusnacks\/wp-json\/wp\/v2\/product_cat?post=1422"},{"taxonomy":"product_tag","embeddable":true,"href":"https:\/\/pedidosporchat.com\/batatusnacks\/wp-json\/wp\/v2\/product_tag?post=1422"}],"curies":[{"name":"wp","href":"https:\/\/api.w.org\/{rel}","templated":true}]}}