{"id":1459,"date":"2023-06-30T11:26:43","date_gmt":"2023-06-30T14:26:43","guid":{"rendered":"https:\/\/pedidosporchat.com\/batatusnacks\/?post_type=product&#038;p=1459"},"modified":"2026-01-03T13:15:30","modified_gmt":"2026-01-03T16:15:30","slug":"coronas-con-numero","status":"publish","type":"product","link":"https:\/\/pedidosporchat.com\/batatusnacks\/producto\/coronas-con-numero\/","title":{"rendered":"Coronas con n\u00famero"},"content":{"rendered":"<p>Le ponemos el n\u00famero que cumple tu amigo fiel ya sea de cumplea\u00f1os o de adopci\u00f3n!<\/p>\n","protected":false},"excerpt":{"rendered":"<p>Le ponemos el n\u00famero que cumple tu amigo fiel ya sea de cumplea\u00f1os o de adopci\u00f3n!<\/p>\n","protected":false},"featured_media":1457,"template":"","meta":[],"product_brand":[],"product_cat":[74],"product_tag":[],"class_list":{"0":"post-1459","1":"product","2":"type-product","3":"status-publish","4":"has-post-thumbnail","6":"product_cat-accesorios-para-el-cumple","8":"first","9":"instock","10":"taxable","11":"shipping-taxable","12":"purchasable","13":"product-type-simple"},"_links":{"self":[{"href":"https:\/\/pedidosporchat.com\/batatusnacks\/wp-json\/wp\/v2\/product\/1459","targetHints":{"allow":["GET"]}}],"collection":[{"href":"https:\/\/pedidosporchat.com\/batatusnacks\/wp-json\/wp\/v2\/product"}],"about":[{"href":"https:\/\/pedidosporchat.com\/batatusnacks\/wp-json\/wp\/v2\/types\/product"}],"wp:featuredmedia":[{"embeddable":true,"href":"https:\/\/pedidosporchat.com\/batatusnacks\/wp-json\/wp\/v2\/media\/1457"}],"wp:attachment":[{"href":"https:\/\/pedidosporchat.com\/batatusnacks\/wp-json\/wp\/v2\/media?parent=1459"}],"wp:term":[{"taxonomy":"product_brand","embeddable":true,"href":"https:\/\/pedidosporchat.com\/batatusnacks\/wp-json\/wp\/v2\/product_brand?post=1459"},{"taxonomy":"product_cat","embeddable":true,"href":"https:\/\/pedidosporchat.com\/batatusnacks\/wp-json\/wp\/v2\/product_cat?post=1459"},{"taxonomy":"product_tag","embeddable":true,"href":"https:\/\/pedidosporchat.com\/batatusnacks\/wp-json\/wp\/v2\/product_tag?post=1459"}],"curies":[{"name":"wp","href":"https:\/\/api.w.org\/{rel}","templated":true}]}}