{"id":758,"date":"2022-05-30T22:17:55","date_gmt":"2022-05-31T01:17:55","guid":{"rendered":"https:\/\/pedidosporchat.com\/batatusnacks\/?post_type=product&#038;p=758"},"modified":"2026-01-03T19:36:26","modified_gmt":"2026-01-03T22:36:26","slug":"pastel-modelo-braulio","status":"publish","type":"product","link":"https:\/\/pedidosporchat.com\/batatusnacks\/producto\/pastel-modelo-braulio\/","title":{"rendered":"Pastel modelo Braulio"},"content":{"rendered":"<p>Pastel de pollo y zanahoria de 12 cm de di\u00e1metro y 8 de alto<\/p>\n<p>decorada con copos de mantequilla de man\u00ed natural.<\/p>\n<p>incluye bander\u00edn y vela cupcake<\/p>\n<p>tiempo de preparaci\u00f3n 3 d\u00edas h\u00e1biles<\/p>\n","protected":false},"excerpt":{"rendered":"<p>Pastel de pollo y zanahoria de 12 cm de di\u00e1metro y 8 de alto decorada con copos de mantequilla de man\u00ed natural. incluye bander\u00edn y vela cupcake tiempo de preparaci\u00f3n 3 d\u00edas h\u00e1biles<\/p>\n","protected":false},"featured_media":756,"template":"","meta":[],"product_brand":[],"product_cat":[76],"product_tag":[],"class_list":{"0":"post-758","1":"product","2":"type-product","3":"status-publish","4":"has-post-thumbnail","6":"product_cat-pasteles-tematicos","8":"first","9":"onbackorder","10":"taxable","11":"shipping-taxable","12":"purchasable","13":"product-type-simple"},"_links":{"self":[{"href":"https:\/\/pedidosporchat.com\/batatusnacks\/wp-json\/wp\/v2\/product\/758","targetHints":{"allow":["GET"]}}],"collection":[{"href":"https:\/\/pedidosporchat.com\/batatusnacks\/wp-json\/wp\/v2\/product"}],"about":[{"href":"https:\/\/pedidosporchat.com\/batatusnacks\/wp-json\/wp\/v2\/types\/product"}],"wp:featuredmedia":[{"embeddable":true,"href":"https:\/\/pedidosporchat.com\/batatusnacks\/wp-json\/wp\/v2\/media\/756"}],"wp:attachment":[{"href":"https:\/\/pedidosporchat.com\/batatusnacks\/wp-json\/wp\/v2\/media?parent=758"}],"wp:term":[{"taxonomy":"product_brand","embeddable":true,"href":"https:\/\/pedidosporchat.com\/batatusnacks\/wp-json\/wp\/v2\/product_brand?post=758"},{"taxonomy":"product_cat","embeddable":true,"href":"https:\/\/pedidosporchat.com\/batatusnacks\/wp-json\/wp\/v2\/product_cat?post=758"},{"taxonomy":"product_tag","embeddable":true,"href":"https:\/\/pedidosporchat.com\/batatusnacks\/wp-json\/wp\/v2\/product_tag?post=758"}],"curies":[{"name":"wp","href":"https:\/\/api.w.org\/{rel}","templated":true}]}}